{"id":2018,"date":"2020-10-05T11:50:19","date_gmt":"2020-10-05T15:50:19","guid":{"rendered":"https:\/\/www.sylviechoquette.ca\/?page_id=2018"},"modified":"2021-01-11T09:57:41","modified_gmt":"2021-01-11T14:57:41","slug":"services","status":"publish","type":"page","link":"https:\/\/www.sylviechoquette.ca\/?page_id=2018","title":{"rendered":"SERVICES"},"content":{"rendered":"\n<p><strong>Psychoth\u00e9rapie<\/strong><br>J&rsquo;offre des psychoth\u00e9rapies individuelles et conjugales, et ce, autant pour les adultes, les enfants et les adolescents. De plus, ma client\u00e8le rejoint autant les francophones que les anglophones.<br><br><strong>Client\u00e8le<\/strong><br>Enfants, adolescents et adultes<br><br><strong>Me consulter pour :<\/strong><br>\u2022 Violence psychologique et relations conflictuelles<br>\u2022 Anxi\u00e9t\u00e9, \u00e9puisement et d\u00e9pression<br>\u2022 Pens\u00e9es suicidaires et Stress post-traumatique<br>\u2022 Habilet\u00e9s parentales ou TDAH<br>\u2022 Rupture\/recomposition familiale et deuil<br>\u2022 Estime, confiance et affirmation de soi.<br><br><strong>Approches th\u00e9rapeutiques:<\/strong><br>\u2022 Syst\u00e9mique<br>\u2022 Cognitive-comportementale<br>\u2022 Th\u00e9rapie Br\u00e8ve orient\u00e9e vers les solutions<\/p>\n\n\n\n<p><strong>Outils :<\/strong><br>\u2022 Int\u00e9gration par les mouvements oculaires IMO (ressemble EMDR)<br>\u2022 Eye movement technique (EMT)<br>\u2022 Techniques d\u2019impact<br>\u2022 Enseignement de la coh\u00e9rence cardiaque<br>\u2022 Neurosciences<br>\u2022 Pleine conscience<br>\u2022 Biopsychologie du comportement<br><br><strong>Pourquoi consulter? Les objectifs de la psychoth\u00e9rapie peuvent viser \u00e0 :<\/strong><br><\/p>\n\n\n\n<p>\u2022 Discerner, comprendre et d\u00e9velopper des strat\u00e9gies de protection et de r\u00e9silience face aux diverses formes de violence psychologique comme le harc\u00e8lement, la manipulation, l&rsquo;intimidation ou l&#8217;emprise.<br><br>\u2022 Diminuer les signes psychologiques et physiques tels que l&rsquo;anxi\u00e9t\u00e9, l&rsquo;\u00e9puisement, la d\u00e9pression, les pens\u00e9es suicidaires ou les troubles du sommeil.<br><br>\u2022 Apprendre \u00e0 transformer les \u00e9motions plus n\u00e9gatives comme la peur, la col\u00e8re, la honte, la tristesse, le m\u00e9pris, le d\u00e9go\u00fbt et la culpabilit\u00e9, afin d&rsquo;aller de l&rsquo;avant et conserver les \u00e9nergies vitales du corps et de l&rsquo;esprit.<br><br>\u2022 Favoriser de meilleures relations familiales au travail et \u00e0 l&rsquo;\u00e9cole.<br><br>\u2022 Guider lors d&rsquo;une rupture, d&rsquo;une recomposition de la structure familiale, conjugale et des habilet\u00e9s parentales.<br><br>\u2022 Apprendre \u00e0 faire face aux \u00e9cueils de la vie en renfor\u00e7ant l&rsquo;estime, la confiance et l&rsquo;affirmation de soi pour \u00eatre \u00e0 son plein potentiel.<br><br>\u2022 Devenir son meilleur partenaire par l&rsquo;autocompassion et la bienveillance.<br><br>\u2022 D\u00e9velopper son agilit\u00e9 \u00e9motionnelle afin de mieux vivre en accord avec nous-m\u00eame.<\/p>\n\n\n\n<h4 class=\"has-text-color wp-block-heading\" style=\"color:#035584\"><em>\u00abSortir de l\u2019ombre, \u00eatre dans la joie et la lumi\u00e8re, telle une fleur de Lotus\u00bb<\/em><\/h4>\n\n\n\n<p><strong><strong>Processus th\u00e9rapeutique:<\/strong><\/strong> Dans un premier temps, lors de nos premi\u00e8res rencontres, nous allons \u00e9valuer et discuter de la raison de votre consultation et nous att\u00e9nuerons l&rsquo;intensit\u00e9 de la situation. Par la suite, nous allons int\u00e9grer de nouveaux outils et stabiliser vos \u00e9motions afin d&rsquo;atteindre le meilleur r\u00e9sultat r\u00e9parateur possible. Par la suite, selon les besoins, nous pourrons poursuivre la psychoth\u00e9rapie afin d&rsquo;approfondir sur diff\u00e9rents aspects en vue de modifier des comportements ou attitudes nuisibles qui parfois, peuvent nous suivre depuis des ann\u00e9es.<\/p>\n","protected":false},"excerpt":{"rendered":"<p>Psychoth\u00e9rapieJ&rsquo;offre des psychoth\u00e9rapies individuelles et conjugales, et ce, autant pour les adultes, les enfants et les adolescents. De plus, ma client\u00e8le rejoint autant les francophones que les anglophones. Client\u00e8leEnfants, adolescents et adultes Me consulter pour :\u2022 Violence psychologique et relations conflictuelles\u2022 Anxi\u00e9t\u00e9, \u00e9puisement et d\u00e9pression\u2022 Pens\u00e9es suicidaires et Stress post-traumatique\u2022 Habilet\u00e9s parentales ou TDAH\u2022 Rupture\/recomposition &hellip; <\/p>\n","protected":false},"author":3,"featured_media":0,"parent":0,"menu_order":0,"comment_status":"closed","ping_status":"closed","template":"","meta":{"footnotes":""},"class_list":["post-2018","page","type-page","status-publish","hentry"],"_links":{"self":[{"href":"https:\/\/www.sylviechoquette.ca\/index.php?rest_route=\/wp\/v2\/pages\/2018","targetHints":{"allow":["GET"]}}],"collection":[{"href":"https:\/\/www.sylviechoquette.ca\/index.php?rest_route=\/wp\/v2\/pages"}],"about":[{"href":"https:\/\/www.sylviechoquette.ca\/index.php?rest_route=\/wp\/v2\/types\/page"}],"author":[{"embeddable":true,"href":"https:\/\/www.sylviechoquette.ca\/index.php?rest_route=\/wp\/v2\/users\/3"}],"replies":[{"embeddable":true,"href":"https:\/\/www.sylviechoquette.ca\/index.php?rest_route=%2Fwp%2Fv2%2Fcomments&post=2018"}],"version-history":[{"count":11,"href":"https:\/\/www.sylviechoquette.ca\/index.php?rest_route=\/wp\/v2\/pages\/2018\/revisions"}],"predecessor-version":[{"id":2129,"href":"https:\/\/www.sylviechoquette.ca\/index.php?rest_route=\/wp\/v2\/pages\/2018\/revisions\/2129"}],"wp:attachment":[{"href":"https:\/\/www.sylviechoquette.ca\/index.php?rest_route=%2Fwp%2Fv2%2Fmedia&parent=2018"}],"curies":[{"name":"wp","href":"https:\/\/api.w.org\/{rel}","templated":true}]}}