{"id":1948,"date":"2020-10-05T11:18:18","date_gmt":"2020-10-05T15:18:18","guid":{"rendered":"https:\/\/www.sylviechoquette.ca\/?page_id=1948"},"modified":"2021-01-11T10:01:37","modified_gmt":"2021-01-11T15:01:37","slug":"me-contacter-rendez-vous","status":"publish","type":"page","link":"https:\/\/www.sylviechoquette.ca\/?page_id=1948","title":{"rendered":"ME CONTACTER \/ RENDEZ-VOUS"},"content":{"rendered":"\n<p><strong>Adresse : <\/strong>320-1170 Boul. Lebourgneuf, (Qu\u00e9bec)<br><strong>T\u00e9l\u00e9phone :<\/strong> (418) 933-0877<br><strong>T\u00e9l\u00e9copieur :<\/strong> (418) 915-3978<br><strong>Courriel :<\/strong> schoquette02@gmail.com<br><strong>Site internet :<\/strong> <a rel=\"noreferrer noopener\" href=\"http:\/\/www.sylviechoquette.ca\" data-type=\"URL\" data-id=\"www.sylviechoquette.ca\" target=\"_blank\">www.sylviechoquette.ca<\/a><br><strong>Carte <br> \n<iframe loading=\"lazy\" src=\"https:\/\/www.google.com\/maps\/embed?pb=!1m18!1m12!1m3!1d2729.371407388241!2d-71.29464844896438!3d46.83637807903866!2m3!1f0!2f0!3f0!3m2!1i1024!2i768!4f13.1!3m3!1m2!1s0x4cb897e94eada5e9%3A0x2cd467fe4e5c698c!2s1170%20Boulevard%20Lebourgneuf%2C%20Qu%C3%A9bec%2C%20QC%20G2K%202E3!5e0!3m2!1sfr!2sca!4v1603222057213!5m2!1sfr!2sca\" width=\"600\" height=\"450\" frameborder=\"0\" style=\"border:0;\" allowfullscreen=\"\" aria-hidden=\"false\" tabindex=\"0\"><\/iframe>\n\n\n\n<div class=\"wpcf7 no-js\" id=\"wpcf7-f2075-o1\" lang=\"fr-CA\" dir=\"ltr\" data-wpcf7-id=\"2075\">\n<div class=\"screen-reader-response\"><p role=\"status\" aria-live=\"polite\" aria-atomic=\"true\"><\/p> <ul><\/ul><\/div>\n<form action=\"\/index.php?rest_route=%2Fwp%2Fv2%2Fpages%2F1948#wpcf7-f2075-o1\" method=\"post\" class=\"wpcf7-form init\" aria-label=\"Contact form\" novalidate=\"novalidate\" data-status=\"init\">\n<fieldset class=\"hidden-fields-container\"><input type=\"hidden\" name=\"_wpcf7\" value=\"2075\" \/><input type=\"hidden\" name=\"_wpcf7_version\" value=\"6.1.5\" \/><input type=\"hidden\" name=\"_wpcf7_locale\" value=\"fr_CA\" \/><input type=\"hidden\" name=\"_wpcf7_unit_tag\" value=\"wpcf7-f2075-o1\" \/><input type=\"hidden\" name=\"_wpcf7_container_post\" value=\"0\" \/><input type=\"hidden\" name=\"_wpcf7_posted_data_hash\" value=\"\" \/>\n<\/fieldset>\n<p><label> Votre nom (requis)<br \/>\n<span class=\"wpcf7-form-control-wrap\" data-name=\"nom\"><input size=\"40\" maxlength=\"400\" class=\"wpcf7-form-control wpcf7-text wpcf7-validates-as-required\" aria-required=\"true\" aria-invalid=\"false\" value=\"\" type=\"text\" name=\"nom\" \/><\/span> <\/label>\n<\/p>\n<p><label> Votre courriel (requis)<br \/>\n<span class=\"wpcf7-form-control-wrap\" data-name=\"courriel\"><input size=\"40\" maxlength=\"400\" class=\"wpcf7-form-control wpcf7-email wpcf7-validates-as-required wpcf7-text wpcf7-validates-as-email\" aria-required=\"true\" aria-invalid=\"false\" value=\"\" type=\"email\" name=\"courriel\" \/><\/span> <\/label>\n<\/p>\n<p><label> Votre t\u00e9l\u00e9phone (requis)<br \/>\n<span class=\"wpcf7-form-control-wrap\" data-name=\"phone\"><input size=\"40\" maxlength=\"400\" class=\"wpcf7-form-control wpcf7-text wpcf7-validates-as-required\" aria-required=\"true\" aria-invalid=\"false\" value=\"\" type=\"text\" name=\"phone\" \/><\/span><\/label>\n<\/p>\n<p><label> Sujet (requis)<br \/>\n<span class=\"wpcf7-form-control-wrap\" data-name=\"Sujet\"><input size=\"40\" maxlength=\"400\" class=\"wpcf7-form-control wpcf7-text wpcf7-validates-as-required\" aria-required=\"true\" aria-invalid=\"false\" value=\"\" type=\"text\" name=\"Sujet\" \/><\/span> <\/label>\n<\/p>\n<p><label> Message<br \/>\n<span class=\"wpcf7-form-control-wrap\" data-name=\"message\"><textarea cols=\"40\" rows=\"10\" maxlength=\"2000\" class=\"wpcf7-form-control wpcf7-textarea wpcf7-validates-as-required\" aria-required=\"true\" aria-invalid=\"false\" name=\"message\"><\/textarea><\/span><\/label>\n<\/p>\n<p><input class=\"wpcf7-form-control wpcf7-submit has-spinner\" type=\"submit\" value=\"Envoyer\" \/>\n<\/p><div class=\"wpcf7-response-output\" aria-hidden=\"true\"><\/div>\n<\/form>\n<\/div>\n\n","protected":false},"excerpt":{"rendered":"<p>Adresse : 320-1170 Boul. Lebourgneuf, (Qu\u00e9bec)T\u00e9l\u00e9phone : (418) 933-0877T\u00e9l\u00e9copieur : (418) 915-3978Courriel : schoquette02@gmail.comSite internet : www.sylviechoquette.caCarte<\/p>\n","protected":false},"author":3,"featured_media":0,"parent":0,"menu_order":0,"comment_status":"closed","ping_status":"closed","template":"","meta":{"footnotes":""},"class_list":["post-1948","page","type-page","status-publish","hentry"],"_links":{"self":[{"href":"https:\/\/www.sylviechoquette.ca\/index.php?rest_route=\/wp\/v2\/pages\/1948","targetHints":{"allow":["GET"]}}],"collection":[{"href":"https:\/\/www.sylviechoquette.ca\/index.php?rest_route=\/wp\/v2\/pages"}],"about":[{"href":"https:\/\/www.sylviechoquette.ca\/index.php?rest_route=\/wp\/v2\/types\/page"}],"author":[{"embeddable":true,"href":"https:\/\/www.sylviechoquette.ca\/index.php?rest_route=\/wp\/v2\/users\/3"}],"replies":[{"embeddable":true,"href":"https:\/\/www.sylviechoquette.ca\/index.php?rest_route=%2Fwp%2Fv2%2Fcomments&post=1948"}],"version-history":[{"count":27,"href":"https:\/\/www.sylviechoquette.ca\/index.php?rest_route=\/wp\/v2\/pages\/1948\/revisions"}],"predecessor-version":[{"id":2132,"href":"https:\/\/www.sylviechoquette.ca\/index.php?rest_route=\/wp\/v2\/pages\/1948\/revisions\/2132"}],"wp:attachment":[{"href":"https:\/\/www.sylviechoquette.ca\/index.php?rest_route=%2Fwp%2Fv2%2Fmedia&parent=1948"}],"curies":[{"name":"wp","href":"https:\/\/api.w.org\/{rel}","templated":true}]}}