{"id":1947,"date":"2020-10-05T11:18:18","date_gmt":"2020-10-05T15:18:18","guid":{"rendered":"https:\/\/www.sylviechoquette.ca\/?page_id=1947"},"modified":"2025-05-20T12:50:27","modified_gmt":"2025-05-20T16:50:27","slug":"informations-et-tarifs","status":"publish","type":"page","link":"https:\/\/www.sylviechoquette.ca\/?page_id=1947","title":{"rendered":"DISPONIBILIT\u00c9 ET TARIFS"},"content":{"rendered":"\n<p><strong>Intervention<\/strong> :<br>Fran\u00e7ais<br>Anglais (individuel seulement)<br><br><strong>Horaire<\/strong> :<br>Du lundi au jeudi entre 8 et 17 h sur rendez-vous.<br><br><strong>Tarifs :<\/strong><br>140$\/heure<br>Re\u00e7us \u00e9mis pour fins d&rsquo;imp\u00f4t et assurances.<br><br><strong>Modes de paiement :<\/strong> <br>\u2022 Virement bancaire<br>\u2022 En argent sur place<\/p>\n\n\n\n<p><strong>Consultation au bureau, par t\u00e9l\u00e9phone ou visioconf\u00e9rence.<\/strong><\/p>\n","protected":false},"excerpt":{"rendered":"<p>Intervention :Fran\u00e7aisAnglais (individuel seulement) Horaire :Du lundi au jeudi entre 8 et 17 h sur rendez-vous. Tarifs :140$\/heureRe\u00e7us \u00e9mis pour fins d&rsquo;imp\u00f4t et assurances. Modes de paiement : \u2022 Virement bancaire\u2022 En argent sur place Consultation au bureau, par t\u00e9l\u00e9phone ou visioconf\u00e9rence.<\/p>\n","protected":false},"author":3,"featured_media":0,"parent":0,"menu_order":0,"comment_status":"closed","ping_status":"closed","template":"","meta":{"footnotes":""},"class_list":["post-1947","page","type-page","status-publish","hentry"],"_links":{"self":[{"href":"https:\/\/www.sylviechoquette.ca\/index.php?rest_route=\/wp\/v2\/pages\/1947","targetHints":{"allow":["GET"]}}],"collection":[{"href":"https:\/\/www.sylviechoquette.ca\/index.php?rest_route=\/wp\/v2\/pages"}],"about":[{"href":"https:\/\/www.sylviechoquette.ca\/index.php?rest_route=\/wp\/v2\/types\/page"}],"author":[{"embeddable":true,"href":"https:\/\/www.sylviechoquette.ca\/index.php?rest_route=\/wp\/v2\/users\/3"}],"replies":[{"embeddable":true,"href":"https:\/\/www.sylviechoquette.ca\/index.php?rest_route=%2Fwp%2Fv2%2Fcomments&post=1947"}],"version-history":[{"count":9,"href":"https:\/\/www.sylviechoquette.ca\/index.php?rest_route=\/wp\/v2\/pages\/1947\/revisions"}],"predecessor-version":[{"id":4040,"href":"https:\/\/www.sylviechoquette.ca\/index.php?rest_route=\/wp\/v2\/pages\/1947\/revisions\/4040"}],"wp:attachment":[{"href":"https:\/\/www.sylviechoquette.ca\/index.php?rest_route=%2Fwp%2Fv2%2Fmedia&parent=1947"}],"curies":[{"name":"wp","href":"https:\/\/api.w.org\/{rel}","templated":true}]}}