{"id":1946,"date":"2020-10-05T11:18:18","date_gmt":"2020-10-05T15:18:18","guid":{"rendered":"https:\/\/www.sylviechoquette.ca\/?page_id=1946"},"modified":"2021-02-11T15:09:10","modified_gmt":"2021-02-11T20:09:10","slug":"accueil","status":"publish","type":"page","link":"https:\/\/www.sylviechoquette.ca\/?page_id=1946","title":{"rendered":"ACCUEIL"},"content":{"rendered":"\n<p>Sylvie Choquette, M.S.s.<br>Travailleuse sociale<br>Psychoth\u00e9rapeute<br><\/p>\n\n\n\n<p><strong>En r\u00e9sum\u00e9<\/strong><br><\/p>\n\n\n\n<p>Depuis plus de 30 ans, j\u2019aide les enfants, les adolescents et les adultes \u00e0 composer avec diff\u00e9rentes probl\u00e9matiques telles que : l\u2019anxi\u00e9t\u00e9, la d\u00e9pression, les ruptures, les d\u00e9ficits d\u2019attention, les difficult\u00e9s relationnelles, le deuil traumatique et diverses formes de violence se passant autant \u00e0 l\u2019\u00e9cole, au travail ou \u00e0 la maison. De plus, je dispose d\u2019une exp\u00e9rience dans le traitement du stress post-traumatique que ce soit civil ou militaire. M\u00eame en ces temps difficiles li\u00e9s \u00e0 la pand\u00e9mie, vous pouvez recevoir de l&rsquo;aide en visioconf\u00e9rence ou au bureau.<\/p>\n","protected":false},"excerpt":{"rendered":"<p>Sylvie Choquette, M.S.s.Travailleuse socialePsychoth\u00e9rapeute En r\u00e9sum\u00e9 Depuis plus de 30 ans, j\u2019aide les enfants, les adolescents et les adultes \u00e0 composer avec diff\u00e9rentes probl\u00e9matiques telles que : l\u2019anxi\u00e9t\u00e9, la d\u00e9pression, les ruptures, les d\u00e9ficits d\u2019attention, les difficult\u00e9s relationnelles, le deuil traumatique et diverses formes de violence se passant autant \u00e0 l\u2019\u00e9cole, au travail ou \u00e0 &hellip; <\/p>\n","protected":false},"author":3,"featured_media":0,"parent":0,"menu_order":0,"comment_status":"closed","ping_status":"closed","template":"","meta":{"footnotes":""},"class_list":["post-1946","page","type-page","status-publish","hentry"],"_links":{"self":[{"href":"https:\/\/www.sylviechoquette.ca\/index.php?rest_route=\/wp\/v2\/pages\/1946","targetHints":{"allow":["GET"]}}],"collection":[{"href":"https:\/\/www.sylviechoquette.ca\/index.php?rest_route=\/wp\/v2\/pages"}],"about":[{"href":"https:\/\/www.sylviechoquette.ca\/index.php?rest_route=\/wp\/v2\/types\/page"}],"author":[{"embeddable":true,"href":"https:\/\/www.sylviechoquette.ca\/index.php?rest_route=\/wp\/v2\/users\/3"}],"replies":[{"embeddable":true,"href":"https:\/\/www.sylviechoquette.ca\/index.php?rest_route=%2Fwp%2Fv2%2Fcomments&post=1946"}],"version-history":[{"count":8,"href":"https:\/\/www.sylviechoquette.ca\/index.php?rest_route=\/wp\/v2\/pages\/1946\/revisions"}],"predecessor-version":[{"id":2135,"href":"https:\/\/www.sylviechoquette.ca\/index.php?rest_route=\/wp\/v2\/pages\/1946\/revisions\/2135"}],"wp:attachment":[{"href":"https:\/\/www.sylviechoquette.ca\/index.php?rest_route=%2Fwp%2Fv2%2Fmedia&parent=1946"}],"curies":[{"name":"wp","href":"https:\/\/api.w.org\/{rel}","templated":true}]}}